{"id":22169,"date":"2024-02-19T13:12:08","date_gmt":"2024-02-19T12:12:08","guid":{"rendered":"https:\/\/animap.it\/?page_id=22169"},"modified":"2024-02-19T13:12:08","modified_gmt":"2024-02-19T12:12:08","slug":"wer-das-bargeld-beseitigt-schafft-den-glaesernen-menschen","status":"publish","type":"page","link":"https:\/\/animap.it\/de\/wer-das-bargeld-beseitigt-schafft-den-glaesernen-menschen\/","title":{"rendered":"Wer das Bargeld beseitigt, schafft den gl\u00e4sernen Menschen"},"content":{"rendered":"<p><strong><br \/>\nWer das Bargeld beseitigt, schafft den gl\u00e4sernen Menschen<\/strong><\/p>\n<p>Bereits 700 Jahre vor Christus wurden erstmals M\u00fcnzen gepr\u00e4gt, damit auch Menschen am Handel teilnehmen konnten, welche keine Tauschwaren hatten. Bis heute hat sich das Bargeld als sicherer Garant f\u00fcr unsere Freiheit bew\u00e4hrt, weil es unsere Handlungsfreiheit gew\u00e4hrleistet. Ab sofort bieten wir unseren Mitgliedern die M\u00f6glichkeit, Ihren ANIMAP-Eintrag mit folgenden Optionen zu erg\u00e4nzen:<\/p>\n<p><a href=\"https:\/\/animap.ch\/wp-content\/uploads\/2023\/01\/Sprite-54.png\"><img loading=\"lazy\" decoding=\"async\" class=\"alignnone size-full wp-image-45519\" src=\"https:\/\/animap.ch\/wp-content\/uploads\/2023\/01\/Sprite-54.png\" alt=\"\" width=\"397\" height=\"127\" \/><\/a><\/p>\n<p><strong>Warum?<\/strong><\/p>\n<p>Der Versuch, das Bargeld abzuschaffen ist ein erneuter massiver Eingriff in unsere Souver\u00e4nit\u00e4t und Unabh\u00e4ngigkeit und darf deshalb nicht gut geheissen werden. Wenn Geld nur noch in digitaler Form verf\u00fcgbar ist, bestimmen nicht mehr wir, ob und in welcher Form wir Zugang zu unserem Geld haben. <strong>Die Corona-Inszenierung hat uns gezeigt, wie einfach es ist, die Menschheitsfamilie zu spalten.<\/strong> Deshalb erachten wir es als Gebot der Stunde, ein sichtbares Zeichen auch gegen den Versuch zu setzen, unser Bargeld schrittweise abzuschaffen.<\/p>\n<p><strong>Du bist noch nicht bei ANIMAP?<\/strong><br \/>\nRegistriere jetzt und kostenlos dein Unternehmen und werde Teil einer Community, welche die W\u00fcrde des Menschen h\u00f6her achtet als haltlose und diskriminierende Massnahmen und Regeln. Heute unterst\u00fctzen bereits <strong><span style=\"color: #ff6600;\">2731 <\/span><\/strong><strong>Unternehmen\u00a0<\/strong>unsere Initiative.<\/p>\n<p><a href=\"https:\/\/animap.ch\/firma-eintragen\/\"><strong>Klicke hier<\/strong><\/a>, um dein Unternehmen\u00a0<strong>kostenlos<\/strong>\u00a0einzutragen. Wir freuen uns auf dich.<\/p>\n<p><strong>Aktuelle Gesch\u00e4fte die gerne Bargeld nehmen:<\/strong><\/p>\n<a href=\"https:\/\/animap.it\/de\/eintrag\/chalet-marlene\/\">CHALET MARLENE<\/a><br><a href=\"https:\/\/animap.it\/de\/eintrag\/centro-estetico-elite-di-mara-poschini\/\">Centro Estetico Elite di Mara Poschini<\/a><br><a href=\"https:\/\/animap.it\/de\/eintrag\/photoa3200iso-2\/\">Photoa3200iso<\/a><br><a href=\"https:\/\/animap.it\/de\/eintrag\/albergo-i-villini\/\">Albergo I Villini<\/a><br><a href=\"https:\/\/animap.it\/de\/eintrag\/libreria-prestifilippo\/\">libreria Prestifilippo<\/a><br><a href=\"https:\/\/animap.it\/de\/eintrag\/la-casina-di-san-lorenzo\/\">La Casina di San Lorenzo<\/a><br><a href=\"https:\/\/animap.it\/de\/eintrag\/tiziana-buglione\/\">Tiziana Buglione<\/a><br><a href=\"https:\/\/animap.it\/de\/eintrag\/giulio-altadonna-osteopata\/\">Dott. Giulio Altadonna &#8211; Osteopata<\/a><br><a href=\"https:\/\/animap.it\/de\/eintrag\/raggio-di-sole\/\">Raggio di Sole<\/a><br><a href=\"https:\/\/animap.it\/de\/eintrag\/the-hands\/\">the HandS<\/a><br><a href=\"https:\/\/animap.it\/de\/eintrag\/computer-professionale\/\">Computer Professionale<\/a><br><a href=\"https:\/\/animap.it\/de\/eintrag\/ecovillaggio-cascina-gervasoni\/\">Agriturismo dell&#8217;Ecovillaggio<\/a><br><a href=\"https:\/\/animap.it\/de\/eintrag\/dott-ssa-sara-dagostini\/\">Studio pranoterapia e corsi Risveglio &#8211; Dott.ssa Sara D&#8217;agostini<\/a><br><a href=\"https:\/\/animap.it\/de\/eintrag\/sulla-collina-locazione-turistica\/\">Sulla Collina &#8211; Locazione turistica<\/a><br><a href=\"https:\/\/animap.it\/de\/eintrag\/artigiana-foto\/\">Artigiana Foto<\/a><br><a href=\"https:\/\/animap.it\/de\/eintrag\/reiki-energy-academy-foundation\/\">Spirit of Oceana, LTD<\/a><br><a href=\"https:\/\/animap.it\/de\/eintrag\/negro-cicli\/\">Negro Cicli<\/a><br><a href=\"https:\/\/animap.it\/de\/eintrag\/nerodolce-pasticceria_caffetteria\/\">Nerodolce Pasticceria_Caffetteria<\/a><br><a href=\"https:\/\/animap.it\/de\/eintrag\/az-agricola-magnoni-di-criscuoli-emiliano\/\">Az agricola magnoni di criscuoli Emiliano<\/a><br><a href=\"https:\/\/animap.it\/de\/eintrag\/studio-di-architettura\/\">studio di architettura<\/a><br><a href=\"https:\/\/animap.it\/de\/eintrag\/invoiceproservice\/\">Invoiceproservice<\/a><br><a href=\"https:\/\/animap.it\/de\/eintrag\/la-sanitaria\/\">ORTOPEDIA &#8211; La Sanitaria<\/a><br><a href=\"https:\/\/animap.it\/de\/eintrag\/solid-black-tattoo\/\">Solid Black Tattoo<\/a><br><a href=\"https:\/\/animap.it\/de\/eintrag\/poggio-alla-rocca\/\">Poggio alla rocca<\/a><br><a href=\"https:\/\/animap.it\/de\/eintrag\/cristina-leuzzi-distributore-indipendente-herbalife\/\">Herbalife Distributore indipendente Cristina Leuzzi<\/a><br><a href=\"https:\/\/animap.it\/de\/eintrag\/suonoterapia\/\">SUONOTERAPIA VIBRAZIONALE . Terapie Energetiche<\/a><br><a href=\"https:\/\/animap.it\/de\/eintrag\/stazione-di-posta-cavalli\/\">Stazione di Posta Cavalli<\/a><br><a href=\"https:\/\/animap.it\/de\/eintrag\/veronaround\/\">Veronaround<\/a><br><a href=\"https:\/\/animap.it\/de\/eintrag\/ristorante-albergo-benigni\/\">Ristorante Benigni &amp; Hotel<\/a><br><a href=\"https:\/\/animap.it\/de\/eintrag\/studio-legale-avvocato-alessio-colotti\/\">Studio legale avvocato Alessio Colotti<\/a><br><a href=\"https:\/\/animap.it\/de\/eintrag\/erboristeria-zea-mays\/\">Erboristeria zea mays<\/a><br><a href=\"https:\/\/animap.it\/de\/eintrag\/dott-ssa-marta-erba\/\">Dott.ssa Marta Erba<\/a><br><a href=\"https:\/\/animap.it\/de\/eintrag\/sedendoquietamente-org-raja-yoga-meditazione-vipassana-biodinamica-craniosacrale\/\">Sedendoquietamente.org &#8211; Raja Yoga &#8211; Meditazione Vipassana &#8211; Biodinamica Craniosacrale<\/a><br><a href=\"https:\/\/animap.it\/de\/eintrag\/palestra-sport-e-arti-marziali\/\">MARTIAL INSTINCT KUNGFU<\/a><br><a href=\"https:\/\/animap.it\/de\/eintrag\/dr-ssa-federica-de-filippi\/\">Dr.ssa Federica De Filippi<\/a><br><a href=\"https:\/\/animap.it\/de\/eintrag\/elisabetta-ciani\/\">Elisabetta Ciani<\/a><br><a href=\"https:\/\/animap.it\/de\/eintrag\/agnese-pilone-riflessologia-plantare-e-generale\/\">Studio Privato di Agnese Pilone &#8211; Terapista Olistica<\/a><br><a href=\"https:\/\/animap.it\/de\/eintrag\/ottica-ciemme-sas\/\">Ottica Ciemme SAS<\/a><br><a href=\"https:\/\/animap.it\/de\/eintrag\/estetica-laura\/\">Estetica Laura<\/a><br><a href=\"https:\/\/animap.it\/de\/eintrag\/raw-firenze-srls\/\">RAW FIRENZE SRLS<\/a><br><a href=\"https:\/\/animap.it\/de\/eintrag\/lb-consulting-di-bisicchia-laura\/\">LB Consulting di Laura Bisicchia &#8211; Centro Periferico CAF e Sportello Telematico<\/a><br><a href=\"https:\/\/animap.it\/de\/eintrag\/policrea-ando-poliwed\/\">Policrea &#8211; Ando &#8211; Poliwed<\/a><br><a href=\"https:\/\/animap.it\/de\/eintrag\/dm\/\">GuidaProsecco<\/a><br><a href=\"https:\/\/animap.it\/de\/eintrag\/benessere-psico-corporeo\/\">Tai Chi, Qi Gong e altre arti orientali<\/a><br><a href=\"https:\/\/animap.it\/de\/eintrag\/bb-oca-dipinta\/\">B&amp;B Oca dipinta<\/a><br><a href=\"https:\/\/animap.it\/de\/eintrag\/3f-a-s-d\/\">3F A.S.D.<\/a><br><a href=\"https:\/\/animap.it\/de\/eintrag\/a-i-me-f\/\">A.I.Me.F.<\/a><br><a href=\"https:\/\/animap.it\/de\/eintrag\/bb-camera-a-palermo\/\">B&#038;B Camera a Palermo<\/a><br><a href=\"https:\/\/animap.it\/de\/eintrag\/caseificio-vegano-di-barbara-ferrante-2\/\">Caseificio Vegano di Barbara Ferrante<\/a><br><a href=\"https:\/\/animap.it\/de\/eintrag\/studio-dentistico-biostomatologia\/\">Studio Dentistico Biostomatologia<\/a><br><a href=\"https:\/\/animap.it\/de\/eintrag\/psicologa-sabina-scarinzi\/\">Psicologa Sabina Scarinzi<\/a><br><a href=\"https:\/\/animap.it\/de\/eintrag\/nadia-folegati\/\">Nadia Folegati<\/a><br><a href=\"https:\/\/animap.it\/de\/eintrag\/ober-ferienwohnungen\/\">Ober Ferienwohnungen<\/a><br><a href=\"https:\/\/animap.it\/de\/eintrag\/crescere-con-la-musica\/\">Musica per tutti<\/a><br><a href=\"https:\/\/animap.it\/de\/eintrag\/tassi-alessandra-studio-tecnico-professionale\/\">Tassi Alessandra Studio Tecnico Professionale<\/a><br><a href=\"https:\/\/animap.it\/de\/eintrag\/rossella-casadio\/\">Rossella Casadio<\/a><br><a href=\"https:\/\/animap.it\/de\/eintrag\/iris-limousine\/\">Iris Limousine<\/a><br><a href=\"https:\/\/animap.it\/de\/eintrag\/counseling-integrato-simbolico\/\">Counseling Integrato Simbolico<\/a><br><a href=\"https:\/\/animap.it\/de\/eintrag\/rasaerba-automatici\/\">Rasaerba Automatici<\/a><br><a href=\"https:\/\/animap.it\/de\/eintrag\/autoscuola-oscar\/\">AUTOSCUOLA OSCAR<\/a><br><a href=\"https:\/\/animap.it\/de\/eintrag\/dott-ssa-sabrina-del-cotto\/\">Dott.ssa Sabrina Del Cotto<\/a><br><a href=\"https:\/\/animap.it\/de\/eintrag\/agriturismo-la-vallata\/\">Agriturismo La Vallata<\/a><br><a href=\"https:\/\/animap.it\/de\/eintrag\/maxy\/\">Massimo Software e Hardware<\/a><br><a href=\"https:\/\/animap.it\/de\/eintrag\/il-querceto-bb-e-casa-vacanze\/\">Il Querceto B&amp;B e Casa Vacanze<\/a><br><a href=\"https:\/\/animap.it\/de\/eintrag\/bb-i-colori-del-monferrato\/\">B&amp;B I COLORI DEL MONFERRATO<\/a><br><a href=\"https:\/\/animap.it\/de\/eintrag\/l-munfra-ristorante-pizzeria\/\">&#8218;L MUNFR\u00c0 ristorante pizzeria<\/a><br><a href=\"https:\/\/animap.it\/de\/eintrag\/studio-olistico-evolving\/\">Studio Olistico Evolving<\/a><br><a href=\"https:\/\/animap.it\/de\/eintrag\/studio-olistico-3\/\">Studio Olistico Genesys<\/a><br><a href=\"https:\/\/animap.it\/de\/eintrag\/shiatsuconsapevolezza\/\">Shiatsu&amp;Consapevolezza<\/a><br><a href=\"https:\/\/animap.it\/de\/eintrag\/federicocasa-bb\/\">Federicocasa b&amp;b<\/a><br><a href=\"https:\/\/animap.it\/de\/eintrag\/marzia-bazzerla\/\">Marzia Bazzerla<\/a><br><a href=\"https:\/\/animap.it\/de\/eintrag\/cananera-design-e-balene-in-volo\/\">BALENE IN VOLO<\/a><br><a href=\"https:\/\/animap.it\/de\/eintrag\/operatrice-olistica-bolognesi-natascia\/\">Operatrice olistica Bolognesi Natascia<\/a><br><a href=\"https:\/\/animap.it\/de\/eintrag\/manipolight-audio-video-luci\/\">MANIPOLIGHT rent assistenza elettrica audio\/video\/luci<\/a><br><a href=\"https:\/\/animap.it\/de\/eintrag\/ensemble-voyagers\/\">Ensemble Voyagers<\/a><br><a href=\"https:\/\/animap.it\/de\/eintrag\/daniele-montagner\/\">Daniele Montagner<\/a><br><a href=\"https:\/\/animap.it\/de\/eintrag\/lorenza-cavinato-bioarchitettura\/\">Atelier Lorenza Cavinato<\/a><br><a href=\"https:\/\/animap.it\/de\/eintrag\/il-tempo-sospeso\/\">Il tempo sospeso<\/a><br><a href=\"https:\/\/animap.it\/de\/eintrag\/studio-tributario-aldegondi\/\">Studio Tributario Aldegondi<\/a><br><a href=\"https:\/\/animap.it\/de\/eintrag\/consulenza-ranieri\/\">Consulenza Ranieri<\/a><br><a href=\"https:\/\/animap.it\/de\/eintrag\/first-multi-service-3\/\">First multi service<\/a><br><a href=\"https:\/\/animap.it\/de\/eintrag\/damen-progetti\/\">DAMEN PROGETTI<\/a><br><a href=\"https:\/\/animap.it\/de\/eintrag\/asd-londa-e-il-mare\/\">Asd L&#8217;onda e il mare<\/a><br><a href=\"https:\/\/animap.it\/de\/eintrag\/claudia-scrocca-trainer-posturale\/\">Claudia Scrocca Trainer Posturale<\/a><br><a href=\"https:\/\/animap.it\/de\/eintrag\/dott-ssa-elisa-maffi\/\">Dott.ssa Elisa Maffi<\/a><br><a href=\"https:\/\/animap.it\/de\/eintrag\/poggio-alla-rocca-2\/\">Poggio alla Rocca<\/a><br><a href=\"https:\/\/animap.it\/de\/eintrag\/arteviso\/\">arteviso<\/a><br><a href=\"https:\/\/animap.it\/de\/eintrag\/massofisioterapia-counseling\/\">Massofisioterapia &amp; Counseling<\/a><br><a href=\"https:\/\/animap.it\/de\/eintrag\/castello-izzalini-todi-resort\/\">Castello Izzalini Todi Resort<\/a><br><a href=\"https:\/\/animap.it\/de\/eintrag\/ecs-edelweiss-2\/\">ECS Edelweiss<\/a><br><a href=\"https:\/\/animap.it\/de\/eintrag\/canapa-world-3\/\">CANAPA WORLD<\/a><br><a href=\"https:\/\/animap.it\/de\/eintrag\/stardriver-di-cristina-cavedine\/\">STARDRIVER di Cristina Cavedine<\/a><br><a href=\"https:\/\/animap.it\/de\/eintrag\/studio-di-naturopatia-e-nutrizione-3\/\">Studio di Naturopatia e Nutrizione<\/a><br><a href=\"https:\/\/animap.it\/de\/eintrag\/dr-fausto-nicolli-d-o\/\">Dr. Fausto Nicolli D.O.<\/a><br><a href=\"https:\/\/animap.it\/de\/eintrag\/tecnotek-complements-srl-3\/\">Tecnotek Complements Srl<\/a><br><a href=\"https:\/\/animap.it\/de\/eintrag\/studiopretto\/\">StudioPretto<\/a><br><a href=\"https:\/\/animap.it\/de\/eintrag\/cazzaniga-impianti-elettrici-e-fotovoltaico\/\">CAZZANIGA IMPIANTI ELETTRICI E FOTOVOLTAICO<\/a><br><a href=\"https:\/\/animap.it\/de\/eintrag\/maria-lilla-musarra-psicologa-e-psicoterapeuta-esperta-in-e-m-d-r-2\/\">Maria Lilla Musarra &#8211; Psicologa e Psicoterapeuta, esperta in E.M.D.R.<\/a><br><a href=\"https:\/\/animap.it\/de\/eintrag\/animalfood\/\">animalfood<\/a><br><a href=\"https:\/\/animap.it\/de\/eintrag\/memanto-superfici\/\">MEMANTO Superfici<\/a><br><a href=\"https:\/\/animap.it\/de\/eintrag\/studio-legale-avvocato-alessio-colotti-2\/\">Studio legale avvocato Alessio Colotti<\/a><br><a href=\"https:\/\/animap.it\/de\/eintrag\/mare-degli-etruschi\/\">mare degli etruschi<\/a><br><a href=\"https:\/\/animap.it\/de\/eintrag\/francesca-gastaldi\/\">Francesca Gastaldi<\/a><br><a href=\"https:\/\/animap.it\/de\/eintrag\/dott-ssa-sabrina-del-cotto-psicologia-mental-coaching\/\">DOTT.SSA SABRINA DEL COTTO &#8211; PSICOLOGIA &amp; MENTAL COACHING<\/a><br><a href=\"https:\/\/animap.it\/de\/eintrag\/studio-olistico-terapia-ortho-bionomy\/\">Studio Olistico Terapia ORTHO-BIONOMY<\/a><br><a href=\"https:\/\/animap.it\/de\/eintrag\/studio-psicologia-clinica-e-psicodramma-full-circle\/\">Studio Psicologia clinica e Psicodramma FULL CIRCLE<\/a><br><a href=\"https:\/\/animap.it\/de\/eintrag\/agriturismo-arcobaleno-3\/\">Agriturismo arcobaleno<\/a><br><a href=\"https:\/\/animap.it\/de\/eintrag\/linda-guerra-2\/\">Linda Guerra<\/a><br><a href=\"https:\/\/animap.it\/de\/eintrag\/estia-immobiliare-di-leuzzi-cristina\/\">ESTIA IMMOBILIARE DI LEUZZI CRISTINA<\/a><br><a href=\"https:\/\/animap.it\/de\/eintrag\/vera-savigni-2\/\">Vera Savigni<\/a><br><a href=\"https:\/\/animap.it\/de\/eintrag\/ottica-visus-di-lanza-davide-matteo\/\">Ottica Visus di Lanza Davide matteo<\/a><br><a href=\"https:\/\/animap.it\/de\/eintrag\/naturopatia-incammino\/\">Naturopatia InCammino<\/a><br><a href=\"https:\/\/animap.it\/de\/eintrag\/ixtlan-agricamping\/\">Ixtlan agricamping<\/a><br><a href=\"https:\/\/animap.it\/de\/eintrag\/dott-stefano-ferrari-forestale-j\/\">Dott. Stefano Ferrari Forestale J.<\/a><br><a href=\"https:\/\/animap.it\/de\/eintrag\/gaia-bio\/\">Gaia.bio<\/a><br><a href=\"https:\/\/animap.it\/de\/eintrag\/osteopatia\/\">OSTEOPATIA<\/a><br><a href=\"https:\/\/animap.it\/de\/eintrag\/sgr-consult-impresa-forte\/\">SGR Consult &amp; Impresa Forte<\/a><br><a href=\"https:\/\/animap.it\/de\/eintrag\/laghima\/\">Laghima<\/a><br><a href=\"https:\/\/animap.it\/de\/eintrag\/ditta-geraci-filippo\/\">Ditta Geraci Filippo<\/a><br><a href=\"https:\/\/animap.it\/de\/eintrag\/e-qucine\/\">&#8230;E QUCINE<\/a><br><a href=\"https:\/\/animap.it\/de\/eintrag\/tocco-di-armonia-studio-olistico\/\">TOCCO DI ARMONIA STUDIO OLISTICO<\/a><br><a href=\"https:\/\/animap.it\/de\/eintrag\/la-maison-del-corso-hospitality\/\">La Maison del Corso Hospitality<\/a><br><a href=\"https:\/\/animap.it\/de\/eintrag\/bb\/\">B&amp;b<\/a><br><a href=\"https:\/\/animap.it\/de\/eintrag\/spazio-baby\/\">Spazio baby<\/a><br><a href=\"https:\/\/animap.it\/de\/eintrag\/agriturismo-dell-ecovillaggio\/\">Agriturismo dell&#8216; Ecovillaggio<\/a><br><a href=\"https:\/\/animap.it\/de\/eintrag\/youth4youth\/\">youth4youth<\/a><br><a href=\"https:\/\/animap.it\/de\/eintrag\/psicologa-e-psicoterapeuta-esperta-in-e-m-d-r\/\">Psicologa e Psicoterapeuta, esperta in E.M.D.R.<\/a><br><a href=\"https:\/\/animap.it\/de\/eintrag\/siwart\/\">SIWART<\/a><br><a href=\"https:\/\/animap.it\/de\/eintrag\/hotel-onda-azzurra\/\">Hotel Onda Azzurra<\/a><br><a href=\"https:\/\/animap.it\/de\/eintrag\/l-munfra-ristorante-pizzeria-2\/\">&#8218;L MUNFR\u00c0 ristorante pizzeria<\/a><br><a href=\"https:\/\/animap.it\/de\/eintrag\/il-seme-della-luce\/\">Il Seme della Luce<\/a><br><a href=\"https:\/\/animap.it\/de\/eintrag\/barbarasoulart\/\">Barbarasoulart<\/a><br><a href=\"https:\/\/animap.it\/de\/eintrag\/villa-al-mok\/\">villa al mok<\/a><br><a href=\"https:\/\/animap.it\/de\/eintrag\/e-cucine\/\">&#8230;E CUCINE<\/a><br><a href=\"https:\/\/animap.it\/de\/eintrag\/casa-psyche\/\">CASA PSYCHE&#8216;<\/a><br><a href=\"https:\/\/animap.it\/de\/eintrag\/alessandro-orlandi-massaggi-e-trattamenti-di-benessere\/\">Alessandro Orlandi Massaggi e Trattamenti Energetici, Percorsi di mentoring &amp; coaching<\/a><br><a href=\"https:\/\/animap.it\/de\/eintrag\/centro-culturale-olistico-universofia\/\">Centro Culturale Olistico UniverSofia<\/a><br><a href=\"https:\/\/animap.it\/de\/eintrag\/centro-anidra\/\">Centro Anidra<\/a><br><a href=\"https:\/\/animap.it\/de\/eintrag\/fatti-damore\/\">Fatti d&#8217;amore, Viterbo<\/a><br><a href=\"https:\/\/animap.it\/de\/eintrag\/chenxing-arti-daoiste-applicate\/\">Chenxing Arti Daoiste Applicate<\/a><br><a href=\"https:\/\/animap.it\/de\/eintrag\/fotografo\/\">Luca Caparrelli Fotografo<\/a><br><a href=\"https:\/\/animap.it\/de\/eintrag\/fatti-damore-2\/\">Fatti d&#8217;amore, Roma<\/a><br><a href=\"https:\/\/animap.it\/de\/eintrag\/spazioemergo\/\">SpazioEmergo<\/a><br><a href=\"https:\/\/animap.it\/de\/eintrag\/za-ma-transfer-fvg\/\">Za.Ma. Transfer FVG<\/a><br><a href=\"https:\/\/animap.it\/de\/eintrag\/asd-body-moving\/\">ASD Body Moving<\/a><br><a href=\"https:\/\/animap.it\/de\/eintrag\/api-e-vita-eden\/\">Api e Vita &#8211; EDEN<\/a><br><a href=\"https:\/\/animap.it\/de\/eintrag\/psicologa-psicoterapeuta-dr-ssa-claudia-colombo\/\">Psicologa psicoterapeuta dr.ssa Claudia Colombo<\/a><br><a href=\"https:\/\/animap.it\/de\/eintrag\/brahman-benessere-ed-equilibrio\/\">Brahman &#8211; Benessere ed Equilibrio<\/a><br><a href=\"https:\/\/animap.it\/de\/eintrag\/la-casa-di-agartha\/\">La Casa Di Agartha<\/a><br><a href=\"https:\/\/animap.it\/de\/eintrag\/agricola\/\">agricola<\/a><br><a href=\"https:\/\/animap.it\/de\/eintrag\/studio4u-di-patrizia-corona\/\">Studio4u di patrizia corona<\/a><br><a href=\"https:\/\/animap.it\/de\/eintrag\/vaso-verde\/\">VASO VERDE<\/a><br><a href=\"https:\/\/animap.it\/de\/eintrag\/saluslife-foundation\/\">SalusLife Foundation<\/a><br><a href=\"https:\/\/animap.it\/de\/eintrag\/saverio-aiolfi\/\">Saverio Aiolfi<\/a><br><a href=\"https:\/\/animap.it\/de\/eintrag\/veggie-soul-a-p-s-2\/\">Veggie Soul a.p.s<\/a><br><a href=\"https:\/\/animap.it\/de\/eintrag\/vaso-verde-2\/\">VASO VERDE<\/a><br><a href=\"https:\/\/animap.it\/de\/eintrag\/bb-il-rondo\/\">Bb il rond\u00f2<\/a><br>\n","protected":false},"excerpt":{"rendered":"<p>Wer das Bargeld beseitigt, schafft den gl\u00e4sernen Menschen Bereits 700 Jahre vor Christus wurden erstmals M\u00fcnzen gepr\u00e4gt, damit auch Menschen am Handel teilnehmen konnten, welche keine Tauschwaren hatten. Bis heute hat sich das Bargeld als sicherer Garant f\u00fcr unsere Freiheit bew\u00e4hrt, weil es unsere Handlungsfreiheit gew\u00e4hrleistet. Ab sofort bieten wir unseren Mitgliedern die M\u00f6glichkeit, Ihren &#8230; <a href=\"https:\/\/animap.it\/de\/wer-das-bargeld-beseitigt-schafft-den-glaesernen-menschen\/\" class=\"more-link\">Continue Reading &#187; <span class=\"screen-reader-text\"> about  Wer das Bargeld beseitigt, schafft den gl\u00e4sernen Menschen<\/span><\/a><\/p>\n","protected":false},"author":3,"featured_media":0,"parent":0,"menu_order":0,"comment_status":"closed","ping_status":"closed","template":"","meta":{"_genesis_hide_title":false,"_genesis_hide_breadcrumbs":false,"_genesis_hide_singular_image":false,"_genesis_hide_footer_widgets":false,"_genesis_custom_body_class":"","_genesis_custom_post_class":"","_genesis_layout":"","footnotes":""},"class_list":{"0":"post-22169","1":"page","2":"type-page","3":"status-publish","5":"entry"},"_links":{"self":[{"href":"https:\/\/animap.it\/de\/wp-json\/wp\/v2\/pages\/22169","targetHints":{"allow":["GET"]}}],"collection":[{"href":"https:\/\/animap.it\/de\/wp-json\/wp\/v2\/pages"}],"about":[{"href":"https:\/\/animap.it\/de\/wp-json\/wp\/v2\/types\/page"}],"author":[{"embeddable":true,"href":"https:\/\/animap.it\/de\/wp-json\/wp\/v2\/users\/3"}],"replies":[{"embeddable":true,"href":"https:\/\/animap.it\/de\/wp-json\/wp\/v2\/comments?post=22169"}],"version-history":[{"count":1,"href":"https:\/\/animap.it\/de\/wp-json\/wp\/v2\/pages\/22169\/revisions"}],"predecessor-version":[{"id":22170,"href":"https:\/\/animap.it\/de\/wp-json\/wp\/v2\/pages\/22169\/revisions\/22170"}],"wp:attachment":[{"href":"https:\/\/animap.it\/de\/wp-json\/wp\/v2\/media?parent=22169"}],"curies":[{"name":"wp","href":"https:\/\/api.w.org\/{rel}","templated":true}]}}