{"id":4600,"date":"2021-04-27T13:33:52","date_gmt":"2021-04-27T11:33:52","guid":{"rendered":"https:\/\/animap.it\/?page_id=4600"},"modified":"2025-12-11T16:09:42","modified_gmt":"2025-12-11T15:09:42","slug":"impressum-informativa-sulla-privacy","status":"publish","type":"page","link":"https:\/\/animap.it\/de\/impressum-informativa-sulla-privacy\/","title":{"rendered":"Impressum &#038; Datenschutz"},"content":{"rendered":"<p><span style=\"color: #000000;\"><strong>animap \u00e8 gestito da:<\/strong><br \/><strong>SafeBlood Donation<br \/>Ankenweid 29<br \/>CH-8041 Zurigo<\/strong><\/span><br \/>animap@safeblood.org (si prega di non utilizzare altri indirizzi email di SafeBlood)<br \/><a href=\"https:\/\/safeblood.org\/?source=animapit\">https:\/\/safeblood.org\/<\/a><\/p>\r\n<p><span style=\"color: #000000;\"><strong>Disclaimer<\/strong><\/span><\/p>\r\n<p><span style=\"color: #000000;\">L&#8217;autore non si assume alcuna responsabilit\u00e0 per quanto riguarda la correttezza, la precisione, l&#8217;attualit\u00e0, l&#8217;affidabilit\u00e0 e la completezza delle informazioni. I reclami di responsabilit\u00e0 per danni causati dall&#8217;uso di qualsiasi informazione fornita, incluso qualsiasi tipo di informazione incompleta o errata, saranno quindi respinti. Tutte le offerte non sono vincolanti. L&#8217;autore si riserva espressamente il diritto di cambiare, completare o cancellare parti delle pagine o l&#8217;intera offerta senza preavviso o di interrompere la pubblicazione temporaneamente o permanentemente.<br \/><\/span><\/p>\r\n<p><span style=\"color: #000000;\"><strong>Disclaimer per i link<\/strong><\/span><\/p>\r\n<p><span style=\"color: #000000;\">I riferimenti e i link a siti web di terzi sono al di fuori della nostra responsabilit\u00e0. Si declina ogni responsabilit\u00e0 per tali siti web. L&#8217;accesso e l&#8217;uso di tali siti web \u00e8 a rischio e pericolo del rispettivo utente.<\/span><br \/><br \/><span style=\"color: #000000;\"><strong>Copyrights<\/strong><\/span><\/p>\r\n<p><span style=\"color: #000000;\">Tutti i file su questo sito web appartengono esclusivamente a SafeBlood come titolare del copyright. Fanno eccezione le immagini che avete caricato voi stessi, per le quali il diritto d&#8217;autore rimane vostro. Per la riproduzione di qualsiasi elemento, il consenso scritto del titolare del copyright deve essere ottenuto in anticipo.  Inoltre, le foto stock sono utilizzate da fotografi che non sono nominati.<br \/>.<\/span><br \/><br \/><span style=\"color: #000000;\">Fonte: <a style=\"color: #000000;\" href=\"https:\/\/www.swissanwalt.ch\/\" target=\"_blank\" rel=\"noopener\">SwissAnwalt<\/a><\/span><\/p>\r\n<p><span style=\"color: #000000;\"><!-- \/wp:post-content -->\r\n\r\n<!-- wp:paragraph --><\/span><\/p>\r\n<p><span style=\"color: #000000;\">L&#8217;indirizzo del nostro sito web: https:\/\/animap.it<\/span><\/p>\r\n<p>&nbsp;<\/p>\r\n<p><span style=\"color: #000000;\"><!-- \/wp:paragraph -->\r\n\r\n<!-- wp:heading --><\/span><\/p>\r\n<h4><span style=\"color: #000000;\"><strong>Politica sulla privacy<\/strong><\/span><\/h4>\r\n<p>Come per ogni connessione a un server web, il server del nostro provider di web hosting cyon a Basilea, Svizzera, registra e memorizza alcuni dati tecnici. Questi dati includono l&#8217;indirizzo IP e il sistema operativo del dispositivo, i dati, l&#8217;ora di accesso, il tipo di browser e la richiesta del browser, compresa l&#8217;origine della richiesta (referrer). Questo \u00e8 necessario per motivi tecnici al fine di fornire il nostro sito web. cyon protegge questi dati con misure tecniche e organizzative contro l&#8217;accesso non autorizzato e non li trasmette a terzi. Nella misura in cui trattiamo i dati personali nel processo, lo facciamo sulla base del nostro interesse a fornirvi la migliore esperienza utente possibile e a garantire la sicurezza e la stabilit\u00e0 dei nostri sistemi.<\/p>\r\n<p><span style=\"color: #000000;\"><!-- \/wp:heading -->\r\n\r\n<!-- wp:heading {\"level\":3} --><\/span><\/p>\r\n<p><strong>ANIMAP <\/strong>\u00e8 un elenco di aziende. Pertanto, le rispettive voci sono conservate come dati personali. Non ci sono account utente.<br \/><br \/>\u00a0contenuti memorizzati sono<br \/>pubblici<\/p>\r\n<ul>\r\n<li>Nome dell&#8217;azienda<\/li>\r\n<li>Indirizzo<\/li>\r\n<li>Sede<\/li>\r\n<li>Descrizione<\/li>\r\n<li>Tipo d&#8217;azienda<\/li>\r\n<\/ul>\r\n<p>Opzionali<\/p>\r\n<ul>\r\n<li>Numero di telefono<\/li>\r\n<li>Sito web<\/li>\r\n<li>Indirizzo e-mail<\/li>\r\n<\/ul>\r\n<p>Nascosti<\/p>\r\n<ul>\r\n<li>Nome<\/li>\r\n<li>Cognome<\/li>\r\n<li>Le informazioni opzionali<\/li>\r\n<li>nomi utente aggiuntivi da altri servizi<\/li>\r\n<\/ul>\r\n<p>Ognuno ha diritto alla propria entrata. Su richiesta questo pu\u00f2 essere mutato o cancellato.<br \/><br \/>Se scrive un&#8217;e-mail a un provider o a noi, si applicano i termini del rispettivo provider.<br \/><br \/><strong>Caching<\/strong><\/p>\r\n<p>Questo sito web utilizza il caching per fornire un tempo di risposta pi\u00f9 veloce e una migliore esperienza utente. Il caching memorizza potenzialmente una copia duplicata di ogni pagina web visualizzata su questo sito. Tutti i file di cache sono temporanei e non sono mai visti da terzi, a meno che non sia necessario per ottenere supporto tecnico dal fornitore del plugin di cache. I file della cache scadono secondo un programma impostato dall&#8217;amministratore del sito web, ma possono essere cancellati dall&#8217;amministratore prima della loro data di scadenza naturale, se necessario.<\/p>\r\n<p><strong>Commenti<\/strong><\/p>\r\n<div id=\"privacy-settings-accordion-block-wordpress\" class=\"privacy-settings-accordion-panel privacy-text-box-body hide-privacy-policy-tutorial\">\r\n<p>Quando i visitatori pubblicano commenti sul sito, raccogliamo le informazioni visualizzate nel modulo di commento, cos\u00ec come l&#8217;indirizzo IP del visitatore e il tipo dell&#8217;agente utente (che identifica il browser) per aiutare a rilevare lo spam.<\/p>\r\n<p>Un tipo anonimizzato pu\u00f2 essere creato dal tuo indirizzo email (chiamato anche hash) e passato al servizio Gravatar per verificare che lo stai usando. La politica sulla privacy del servizio Gravatar pu\u00f2 essere trovata qui: https:\/\/automattic.com\/privacy\/. Dopo che il tuo commento \u00e8 stato approvato, la tua foto del profilo sar\u00e0 visibile pubblicamente nel contesto del tuo commento.<\/p>\r\n<p><strong>Media<\/strong><\/p>\r\n<p>Se sei un utente registrato e carichi foto su questo sito, dovresti evitare di caricare foto con una posizione EXIF GPS. I visitatori di questo sito web potrebbero scaricare le foto memorizzate su questo sito ed estrarre le informazioni sulla loro posizione.<\/p>\r\n<p><strong>Cookie<\/strong><\/p>\r\n<p>Quando pubblichi un commento sul nostro sito web, questo pu\u00f2 essere il consenso per memorizzare il tuo nome, indirizzo email e sito web nei cookie. Questa \u00e8 una funzione di comodit\u00e0 in modo che quando pubblichi un altro commento, non devi reinserire tutte queste informazioni. Questi cookie sono conservati per un anno.<\/p>\r\n<p>Se hai un account e accedi a questo sito, imposteremo un cookie temporaneo per determinare se il tuo browser accetta i cookie. Questo cookie non contiene alcuna informazione di identificazione personale e viene eliminato quando si chiude il browser.<\/p>\r\n<p>Quando accedi il sito, impostiamo alcuni cookie per memorizzare le tue informazioni di accesso e le opzioni di visualizzazione. I cookie di accesso scadono dopo due giorni ed i cookie delle opzioni di visualizzazione scadono dopo un anno. Se selezioni &#8222;Stay Signed In&#8220; quando accedi, il tuo accesso sar\u00e0 mantenuto per due settimane. Quando ti disconnetti dal tuo account, i cookie di accesso vengono cancellati.<\/p>\r\n<p>Quando modifichi o pubblichi un articolo, un ulteriore cookie viene memorizzato nel tuo browser. Questo cookie non contiene alcun dato personale e fa solo riferimento all&#8217;ID del post dell&#8217;articolo che hai appena modificato. Il cookie scade dopo un giorno.<\/p>\r\n<p><strong>Contenuto incorporato da altri siti web<\/strong><\/p>\r\n<p>I post su questo sito web possono contenere contenuti incorporati (ad esempio video, immagini, articoli, ecc.). Il contenuto incorporato da altri siti web si comporta esattamente come se il visitatore avesse visitato l&#8217;altro sito.<\/p>\r\n<p>Questi siti web possono raccogliere informazioni su di te, utilizzare cookie, incorporare ulteriori servizi di tracciamento di terze parti e registrare la tua interazione con il contenuto incorporato, compresa la tua interazione con il contenuto incorporato se hai un account e sei loggato in quel sito web.<\/p>\r\n<p><strong>Con chi condividiamo le sue informazioni<\/strong><\/p>\r\n<p>Se richiedi un reset della password, il tuo indirizzo IP sar\u00e0 incluso nell&#8217;email di reset.<\/p>\r\n<p><strong>Per quanto tempo conserviamo le sue informazioni<\/strong><\/p>\r\n<p>Quando pubblichi un commento, questo viene memorizzato a tempo indeterminato, compresi i metadati. In questo modo, possiamo rilevare e approvare automaticamente i commenti successivi invece di tenerli in una coda di moderazione.<\/p>\r\n<p>Per gli utenti che si registrano sul nostro sito, memorizziamo anche le informazioni personali che forniscono nei loro profili utente. Tutti gli utenti possono vedere, cambiare o cancellare le loro informazioni personali in qualsiasi momento (il nome utente non pu\u00f2 essere cambiato). Gli amministratori del sito possono anche visualizzare e modificare queste informazioni.<\/p>\r\n<p><strong>Quali diritti hai sulle sue informazioni<\/strong><\/p>\r\n<p>Se hai un account su questo sito web o hai pubblicato dei commenti, puoi richiedere l&#8217;esportazione dei tuoi dati personali da noi, comprese le informazioni che ci hai fornito. Inoltre, \u00e8 possibile richiedere la cancellazione di tutti i dati personali in nostro possesso. Questo non include i dati che siamo obbligati a conservare per esigenze amministrative, legali o di sicurezza.<\/p>\r\n<p><strong>Dove inviamo i tuoi dati<\/strong><\/p>\r\n<p>I commenti dei visitatori potrebbero essere esaminati da un servizio automatico di rilevamento dello spam.<\/p>\r\n<div class=\"privacy-settings-accordion-actions\">\u00a0<\/div>\r\n<\/div>\r\n<p>&nbsp;<\/p>\r\n<p><span style=\"color: #000000;\"><!-- \/wp:heading --><\/span><\/p>","protected":false},"excerpt":{"rendered":"<p>animap \u00e8 gestito da:SafeBlood DonationAnkenweid 29CH-8041 Zurigoanimap@safeblood.org (si prega di non utilizzare altri indirizzi email di SafeBlood)https:\/\/safeblood.org\/ Disclaimer L&#8217;autore non si assume alcuna responsabilit\u00e0 per quanto riguarda la correttezza, la precisione, l&#8217;attualit\u00e0, l&#8217;affidabilit\u00e0 e la completezza delle informazioni. I reclami di responsabilit\u00e0 per danni causati dall&#8217;uso di qualsiasi informazione fornita, incluso qualsiasi tipo di informazione &#8230; <a href=\"https:\/\/animap.it\/de\/impressum-informativa-sulla-privacy\/\" class=\"more-link\">Continue Reading &#187; <span class=\"screen-reader-text\"> about  Impressum &#038; Datenschutz<\/span><\/a><\/p>\n","protected":false},"author":1,"featured_media":0,"parent":0,"menu_order":0,"comment_status":"closed","ping_status":"closed","template":"","meta":{"_genesis_hide_title":false,"_genesis_hide_breadcrumbs":false,"_genesis_hide_singular_image":false,"_genesis_hide_footer_widgets":false,"_genesis_custom_body_class":"","_genesis_custom_post_class":"","_genesis_layout":"","footnotes":""},"class_list":{"0":"post-4600","1":"page","2":"type-page","3":"status-publish","5":"entry"},"_links":{"self":[{"href":"https:\/\/animap.it\/de\/wp-json\/wp\/v2\/pages\/4600","targetHints":{"allow":["GET"]}}],"collection":[{"href":"https:\/\/animap.it\/de\/wp-json\/wp\/v2\/pages"}],"about":[{"href":"https:\/\/animap.it\/de\/wp-json\/wp\/v2\/types\/page"}],"author":[{"embeddable":true,"href":"https:\/\/animap.it\/de\/wp-json\/wp\/v2\/users\/1"}],"replies":[{"embeddable":true,"href":"https:\/\/animap.it\/de\/wp-json\/wp\/v2\/comments?post=4600"}],"version-history":[{"count":3,"href":"https:\/\/animap.it\/de\/wp-json\/wp\/v2\/pages\/4600\/revisions"}],"predecessor-version":[{"id":28554,"href":"https:\/\/animap.it\/de\/wp-json\/wp\/v2\/pages\/4600\/revisions\/28554"}],"wp:attachment":[{"href":"https:\/\/animap.it\/de\/wp-json\/wp\/v2\/media?parent=4600"}],"curies":[{"name":"wp","href":"https:\/\/api.w.org\/{rel}","templated":true}]}}